{"id":9,"date":"2015-11-28T18:16:29","date_gmt":"2015-11-28T18:16:29","guid":{"rendered":"http:\/\/5.10.105.36\/~mycroiss\/projectconvoi77\/?page_id=9"},"modified":"2015-12-23T20:08:17","modified_gmt":"2015-12-23T20:08:17","slug":"les-deportes","status":"publish","type":"page","link":"https:\/\/old.convoi77.org\/pl\/les-deportes\/","title":{"rendered":"Les d\u00e9port\u00e9s"},"content":{"rendered":"<h4>Liste des d\u00e9port\u00e9s du convoi 77<\/h4>\n<p>Cette liste a \u00e9t\u00e9 \u00e9labor\u00e9e et mise \u00e0 jour par Serge Klarsfeld et l\u2019\u00e9quipe des Fils et Filles des D\u00e9port\u00e9s Juifs de France (F.F.D.J.F.) et compl\u00e9t\u00e9e par des informations provenant du M\u00e9morial de la Shoah.<\/p>\n<p><a href=\"http:\/\/5.10.105.36\/~mycroiss\/projectconvoi77\/liste-alphabetique-des-deportes-du-convoi-77\/\">Liste alphab\u00e9tique des d\u00e9port\u00e9s du convoi 77<\/a><\/p>\n<p>En caract\u00e8re gras et soulignes les noms des d\u00e9port\u00e9s pour lesquels il existe des notices biographiques ou des documents. Cette liste est en constante \u00e9volution, en fonction des informations qui nous sont communiqu\u00e9es.<\/p>\n<h4>Biographies et documents concernant les d\u00e9port\u00e9s du convoi 77<\/h4>\n<p>Au fur et \u00e0 mesure de la mise en place de notre projet, nous ajouterons p\u00e9riodiquement de nouvelles notices biographiques que nous aurons pu \u00e9tablir ou enrichir.<\/p>\n<p>Au moment de la mise en place du site ne figurent que quelques notices biographiques \u00e0 titre d\u2019exemple.<\/p>\n<p><a href=\"http:\/\/5.10.105.36\/~mycroiss\/projectconvoi77\/category\/biographies-et-documents-concernant-les-deportes-du-convoi-77\/\">Voir les biographies<\/a><\/p>\n","protected":false},"excerpt":{"rendered":"<p>Liste des d\u00e9port\u00e9s du convoi 77 Cette liste a \u00e9t\u00e9 \u00e9labor\u00e9e et mise \u00e0 jour par Serge Klarsfeld et l\u2019\u00e9quipe des Fils et Filles des D\u00e9port\u00e9s Juifs de France (F.F.D.J.F.) et compl\u00e9t\u00e9e par des informations provenant du M\u00e9morial de la Shoah. Liste alphab\u00e9tique des d\u00e9port\u00e9s du convoi 77 En caract\u00e8re gras et soulignes les noms des d\u00e9port\u00e9s pour lesquels il existe des notices biographiques ou des documents. Cette liste est en constante \u00e9volution, en fonction des informations qui nous sont communiqu\u00e9es. Biographies et documents concernant les d\u00e9port\u00e9s du convoi 77 Au fur et \u00e0 mesure de la mise en place de notre projet, nous ajouterons p\u00e9riodiquement de nouvelles notices biographiques que nous aurons pu \u00e9tablir ou enrichir. Au moment de la mise en place du site ne figurent que quelques notices biographiques \u00e0 titre d\u2019exemple. Voir les biographies<\/p>\n","protected":false},"author":3,"featured_media":0,"parent":0,"menu_order":0,"comment_status":"closed","ping_status":"closed","template":"","meta":[],"uagb_featured_image_src":{"full":false,"thumbnail":false,"medium":false,"medium_large":false,"large":false,"1536x1536":false,"2048x2048":false,"post-thumbnail":false,"kleo-full-width":false,"mailpoet_newsletter_max":false},"uagb_author_info":{"display_name":"Georges Mayer","author_link":"https:\/\/old.convoi77.org\/pl\/author\/georges\/"},"uagb_comment_info":0,"uagb_excerpt":"Liste des d\u00e9port\u00e9s du convoi 77 Cette liste a \u00e9t\u00e9 \u00e9labor\u00e9e et mise \u00e0 jour par Serge Klarsfeld et l\u2019\u00e9quipe des Fils et Filles des D\u00e9port\u00e9s Juifs de France (F.F.D.J.F.) et compl\u00e9t\u00e9e par des informations provenant du M\u00e9morial de la Shoah. Liste alphab\u00e9tique des d\u00e9port\u00e9s du convoi 77 En caract\u00e8re gras et soulignes les noms&hellip;","_links":{"self":[{"href":"https:\/\/old.convoi77.org\/pl\/wp-json\/wp\/v2\/pages\/9"}],"collection":[{"href":"https:\/\/old.convoi77.org\/pl\/wp-json\/wp\/v2\/pages"}],"about":[{"href":"https:\/\/old.convoi77.org\/pl\/wp-json\/wp\/v2\/types\/page"}],"author":[{"embeddable":true,"href":"https:\/\/old.convoi77.org\/pl\/wp-json\/wp\/v2\/users\/3"}],"replies":[{"embeddable":true,"href":"https:\/\/old.convoi77.org\/pl\/wp-json\/wp\/v2\/comments?post=9"}],"version-history":[{"count":1,"href":"https:\/\/old.convoi77.org\/pl\/wp-json\/wp\/v2\/pages\/9\/revisions"}],"predecessor-version":[{"id":213,"href":"https:\/\/old.convoi77.org\/pl\/wp-json\/wp\/v2\/pages\/9\/revisions\/213"}],"wp:attachment":[{"href":"https:\/\/old.convoi77.org\/pl\/wp-json\/wp\/v2\/media?parent=9"}],"curies":[{"name":"wp","href":"https:\/\/api.w.org\/{rel}","templated":true}]}}