{"id":8958,"date":"2016-02-29T11:17:39","date_gmt":"2016-02-29T11:17:39","guid":{"rendered":"http:\/\/www.convoi77.org\/?page_id=8958"},"modified":"2016-06-01T11:25:29","modified_gmt":"2016-06-01T11:25:29","slug":"credit-photos","status":"publish","type":"page","link":"https:\/\/old.convoi77.org\/pl\/credit-photos\/","title":{"rendered":"Cr\u00e9dit photos"},"content":{"rendered":"<p class=\"qtranxs-available-languages-message qtranxs-available-languages-message-pl\">\u0179r\u00f3d\u0142o w <a href=\"https:\/\/old.convoi77.org\/fr\/wp-json\/wp\/v2\/pages\/8958\" class=\"qtranxs-available-language-link qtranxs-available-language-link-fr\" title=\"Fran\u00e7ais\">Francuski<\/a> i <a href=\"https:\/\/old.convoi77.org\/en\/wp-json\/wp\/v2\/pages\/8958\" class=\"qtranxs-available-language-link qtranxs-available-language-link-en\" title=\"English\">Ameryka\u0144ski Angielski<\/a>. For the sake of viewer convenience, the content is shown below in this site default language. You may click one of the links to switch the site language to another available language.<\/p><p>L&#8217;association Convoi 77 est particuli\u00e8rement soucieuse du respect des droits attach\u00e9s aux photographies communiqu\u00e9es et publi\u00e9es sur le site.<\/p>\n<p>Si vous constatez que l&#8217;une de vos photos est utilis\u00e9e sur le site sans votre consentement ou porte atteinte \u00e0 vos droits, veuillez <a href=\"http:\/\/www.convoi77.org\/nous-contacter\/\">nous contacter<\/a> sans d\u00e9lai. Apr\u00e8s une br\u00e8ve v\u00e9rification, notre \u00e9quipe proc\u00e9dera \u00e0 une r\u00e9gularisation de la situation en supprimant les photos en question, en rajoutant en l\u00e9gende le nom du photographe, en ins\u00e9rant un lien vers une source, ou en effectuant toute autre action visant \u00e0 r\u00e9tablir vos droits.<\/p>","protected":false},"excerpt":{"rendered":"<p>\u0179r\u00f3d\u0142o w Francuski i Ameryka\u0144ski Angielski. For the sake of viewer convenience, the content is shown below in this site default language. You may click one of the links to switch the site language to another available language.L&#8217;association Convoi 77 est particuli\u00e8rement soucieuse du respect des droits attach\u00e9s aux photographies communiqu\u00e9es et publi\u00e9es sur le site. Si vous constatez que l&#8217;une de vos photos est utilis\u00e9e sur le site sans votre consentement ou porte atteinte \u00e0 vos droits, veuillez nous contacter sans d\u00e9lai. Apr\u00e8s une br\u00e8ve v\u00e9rification, notre \u00e9quipe proc\u00e9dera \u00e0 une r\u00e9gularisation de la situation en supprimant les photos en question, en rajoutant en l\u00e9gende le nom du photographe, en ins\u00e9rant un lien vers une source, ou en effectuant toute autre action visant \u00e0 r\u00e9tablir vos droits.<\/p>\n","protected":false},"author":1,"featured_media":0,"parent":0,"menu_order":0,"comment_status":"closed","ping_status":"closed","template":"","meta":[],"uagb_featured_image_src":{"full":false,"thumbnail":false,"medium":false,"medium_large":false,"large":false,"1536x1536":false,"2048x2048":false,"post-thumbnail":false,"kleo-full-width":false,"mailpoet_newsletter_max":false},"uagb_author_info":{"display_name":"webmestre","author_link":"https:\/\/old.convoi77.org\/pl\/author\/webmestre\/"},"uagb_comment_info":0,"uagb_excerpt":"\u0179r\u00f3d\u0142o w Francuski i Ameryka\u0144ski Angielski. For the sake of viewer convenience, the content is shown below in this site default language. You may click one of the links to switch the site language to another available language.L&#8217;association Convoi 77 est particuli\u00e8rement soucieuse du respect des droits attach\u00e9s aux photographies communiqu\u00e9es et publi\u00e9es sur le&hellip;","_links":{"self":[{"href":"https:\/\/old.convoi77.org\/pl\/wp-json\/wp\/v2\/pages\/8958"}],"collection":[{"href":"https:\/\/old.convoi77.org\/pl\/wp-json\/wp\/v2\/pages"}],"about":[{"href":"https:\/\/old.convoi77.org\/pl\/wp-json\/wp\/v2\/types\/page"}],"author":[{"embeddable":true,"href":"https:\/\/old.convoi77.org\/pl\/wp-json\/wp\/v2\/users\/1"}],"replies":[{"embeddable":true,"href":"https:\/\/old.convoi77.org\/pl\/wp-json\/wp\/v2\/comments?post=8958"}],"version-history":[{"count":7,"href":"https:\/\/old.convoi77.org\/pl\/wp-json\/wp\/v2\/pages\/8958\/revisions"}],"predecessor-version":[{"id":13287,"href":"https:\/\/old.convoi77.org\/pl\/wp-json\/wp\/v2\/pages\/8958\/revisions\/13287"}],"wp:attachment":[{"href":"https:\/\/old.convoi77.org\/pl\/wp-json\/wp\/v2\/media?parent=8958"}],"curies":[{"name":"wp","href":"https:\/\/api.w.org\/{rel}","templated":true}]}}