{"id":8946,"date":"2016-02-29T09:23:29","date_gmt":"2016-02-29T09:23:29","guid":{"rendered":"http:\/\/www.convoi77.org\/?page_id=8946"},"modified":"2020-11-17T17:57:57","modified_gmt":"2020-11-17T17:57:57","slug":"comment-envoyer-une-biographie","status":"publish","type":"page","link":"https:\/\/old.convoi77.org\/pl\/comment-envoyer-une-biographie\/","title":{"rendered":"W jakim formacie, nale\u017cy nam przes\u0142a\u0107 biografi\u0119?"},"content":{"rendered":"<p><\/p>\n<h3>1. Tekst biografii: jedna biografia powinna dotyczy\u0107 jednej osoby, a nie grupy os\u00f3b lub te\u017c cz\u0142onk\u00f3w rodziny. <\/span><\/h3>\n<p align=\"left\"><span style=\"color: #282828;\">Prosimy o przes\u0142anie nam biografii w pojedynczym pliku, w formacie WORD, zatytu\u0142owanym n.p. Michel Benichou- Biografia. <\/span><\/p>\n<p align=\"left\"><span style=\"color: #282828;\">Wa\u017cne: prosimy o nieprzesy\u0142anie biografii w formacie PDF. Plik powinien zawiera\u0107 jedynie tekst, bez zdj\u0119\u0107. Ilustracje oraz zdj\u0119cia powinny by\u0107 przes\u0142ane w oddzielnym pliku.<\/span><\/p>\n<h3>2. Zdj\u0119cia<\/span><\/h3>\n<p align=\"left\"><span style=\"color: #282828;\">Ka\u017cdemu zdj\u0119ciu nale\u017cy nada\u0107 nazw\u0119 zapisan\u0105 ma\u0142ymi literami. Tytu\u0142, kt\u00f3ry zostanie nadany, po przes\u0142aniu zdj\u0119cia, automatycznie si\u0119 wy\u015bwietli na stronie. <\/span><\/p>\n<p align=\"left\"><span style=\"color: #282828;\">Je\u017celi na zdj\u0119ciu znajduje si\u0119 wi\u0119cej os\u00f3b, nale\u017cy w nawiasie wskaza\u0107 imi\u0119 i lokalizacj\u0119 osoby. Przyk\u0142ad: David Benichou (3-ci po lewej), Delphine Samla (1-sza z prawej) <\/span><\/p>\n<p align=\"left\"><span style=\"color: #282828;\">Niczemu nie s\u0142u\u017cy osobnej listy. Jedynie nazwa pliku ze zdj\u0119ciem zostanie automatycznie u\u017cyta na stronie. <\/span><\/p>\n<h3>3. Informacje <\/span><\/h3>\n<p align=\"left\">S\u0105 takie istotne informacje, kt\u00f3re w szczeg\u00f3lno\u015bci pozwalaj\u0105 sklasyfikowa\u0107 biografie, co u\u0142atwi p\u00f3\u017aniej dalsze ich badanie.<\/p>\n<p align=\"left\">Nawet je\u017celi cz\u0119\u015b\u0107 z tych informacji jest ju\u017c zapisana w tre\u015bci biografii, niezb\u0119dne jest aby osobno poda\u0107 nam ich list\u0119. Wystarczy skopiowa\u0107 i wklei\u0107 <span lang=\"it-IT\">poni<\/span>\u017csz\u0105 list\u0119 przyk\u0142adow\u0105, a nast\u0119pnie uzupe\u0142ni\u0107 j\u0105 zast\u0119puj\u0105c i usuwaj\u0105c znajduj\u0105ce si\u0119 w niej przyk\u0142ady:<\/p>\n<ul>\n<li>\n<p align=\"left\"><span style=\"color: #282828;\"><b>Data<\/b><\/span><span style=\"color: #282828;\">: 1929-1986<\/span><\/p>\n<\/li>\n<li>\n<p align=\"left\"><span style=\"color: #282828;\"><b>Miasto urodzenia<\/b><\/span><span style=\"color: #282828;\">: WERSAL<\/span><span style=\"color: #282828;\"><span lang=\"de-DE\"> (FRANC<\/span><\/span><span style=\"color: #282828;\">JA)<\/span><\/p>\n<\/li>\n<li>\n<p align=\"left\"><span style=\"color: #282828;\"><b>Miejsce aresztowania<\/b><\/span><span style=\"color: #282828;\">: PARY\u017b<\/span><span style=\"color: #282828;\"><span lang=\"de-DE\"> (FRANC<\/span><\/span><span style=\"color: #282828;\">JA)<\/span><\/p>\n<\/li>\n<li>\n<p align=\"left\"><span style=\"color: #282828;\"><b>Wiek w momencie aresztowania<\/b><\/span> <span style=\"color: #282828;\"><b>:<\/b><\/span><span style=\"color: #282828;\">\u00a042<\/span><\/p>\n<\/li>\n<li>\n<p align=\"left\"><span style=\"color: #282828;\"><b>Miasto ( miasta) zamieszkania\u00a0:<\/b><\/span><span style=\"color: #282828;\"> WERSAL (Francja<\/span><span style=\"color: #282828;\"><span lang=\"en-US\">), MAR<\/span><\/span><span style=\"color: #282828;\">SYLIA (Francja), RZYM (W\u0142ochy) <\/span><\/p>\n<\/li>\n<li>\n<p align=\"left\"><span style=\"color: #282828;\"><b>Autorzy, wsp\u00f3\u0142tw\u00f3rcy\u00a0<\/b><\/span><span style=\"color: #282828;\">: Claude Dupont, C<\/span><span style=\"color: #282828;\"><span lang=\"fr-FR\">\u00e9cile Marchal<\/span><\/span><\/p>\n<\/li>\n<\/ul>\n<p align=\"left\"><span style=\"color: #282828;\">Aby przes\u0142a\u0107 do nas informacj\u0119, wystarczy przes\u0142a\u0107 jeden plik w formacie WORD, zatytu\u0142owany n.p. <\/span><span style=\"color: #282828;\"><span lang=\"de-DE\">BENICHOU MICHEL <\/span><\/span><span style=\"color: #282828;\">\u2013 <\/span><span style=\"color: #282828;\"><span lang=\"de-DE\">Informa<\/span><\/span><span style=\"color: #282828;\">cje<\/span><\/p>\n<h3>4. \u0179r\u00f3d\u0142a i Linki: <\/span><\/h3>\n<p align=\"left\">\u0179R\u00d3D\u0141<span lang=\"pt-PT\">A s<\/span>\u0142u\u017c\u0105ce jako odno\u015bniki tekstowe (bez podlinkowania do stron internetowych) <span lang=\"it-IT\">nale<\/span>\u017cy odr\u00f3\u017cni\u0107 od klikalnych LINK\u00d3W do stron internetowych. Wystarczy wymieni\u0107 \u017ar\u00f3d\u0142a i link osobno, jak poni\u017cej:<\/p>\n<p align=\"left\"><span style=\"color: #282828;\"><u>\u0179r\u00f3d\u0142a<\/u><\/span><span style=\"color: #282828;\">:<\/span><\/p>\n<ol>\n<li>\n<p align=\"left\"><span style=\"color: #282828;\">\u0179r\u00f3d\u0142o<\/span><span style=\"color: #282828;\">\u00a0<\/span><span style=\"color: #282828;\"><span lang=\"en-US\">: AJPN<\/span><\/span><\/p>\n<\/li>\n<li>\n<p align=\"left\"><span style=\"color: #282828;\">\u0179r\u00f3d\u0142o\u00a0: Archiwa regionalne i An<\/span><span style=\"color: #282828;\"><span lang=\"fr-FR\">Archives d\u00e9partementales et AJPN<\/span><\/span><\/p>\n<\/li>\n<li>\n<p align=\"left\"><span style=\"color: #282828;\">01\/03\/1942\u00a0<\/span><span style=\"color: #282828;\"><span lang=\"fr-FR\"><b>Aix-les-Bains, <\/b><\/span><\/span><span style=\"color: #282828;\"><b>nadz\u00f3r nad koloni\u0105 \u017cydowsk\u0105. List do Prefekta. <\/b><\/span><span style=\"color: #282828;\">Archiwa departamentu Sabaudia 1832W 199 \u201eProsz\u0119 poddanie kolonii \u017cydowskiej w Aix-les-Bains, specjalnemu nadzorowi, wraz z rozpocz\u0119ciem sezonu\u201d <\/span><\/p>\n<\/li>\n<\/ol>\n<p align=\"left\"><span style=\"color: #282828;\"><u>Linki:<\/u><\/span><\/p>\n<ol>\n<li><a href=\"http:\/\/judaisme.sdv.fr\/\/\" target=\"_blank\" rel=\"noopener noreferrer\">http:\/\/judaisme.sdv.fr\/\/<\/a><\/li>\n<li><a href=\"http:\/\/judaisme.sdv.fr\/histoire\/shh\/htrhin\/vct-ab.htm\" target=\"_blank\" rel=\"noopener noreferrer\">http:\/\/judaisme.sdv.fr\/histoire\/shh\/htrhin\/vct-ab.htm<\/a><\/li>\n<\/ol>\n<p align=\"left\"><span style=\"color: #282828;\">Przes\u0142a\u0107 nale\u017cy jeden plik w formacie WORD, zatytu\u0142owany np. <\/span><span style=\"color: #282828;\"><span lang=\"de-DE\">BENICHOU MICHEL <\/span><\/span><span style=\"color: #282828;\">\u2013 \u017ar\u00f3d\u0142a i linki.<\/span><\/p>\n<p><\/p>","protected":false},"excerpt":{"rendered":"<p>1. Tekst biografii: jedna biografia powinna dotyczy\u0107 jednej osoby, a nie grupy os\u00f3b lub te\u017c cz\u0142onk\u00f3w rodziny. Prosimy o przes\u0142anie nam biografii w pojedynczym pliku, w formacie WORD, zatytu\u0142owanym n.p. Michel Benichou- Biografia. Wa\u017cne: prosimy o nieprzesy\u0142anie biografii w formacie PDF. Plik powinien zawiera\u0107 jedynie tekst, bez zdj\u0119\u0107. Ilustracje oraz zdj\u0119cia powinny by\u0107 przes\u0142ane w oddzielnym pliku. 2. Zdj\u0119cia Ka\u017cdemu zdj\u0119ciu nale\u017cy nada\u0107 nazw\u0119 zapisan\u0105 ma\u0142ymi literami. Tytu\u0142, kt\u00f3ry zostanie nadany, po przes\u0142aniu zdj\u0119cia, automatycznie si\u0119 wy\u015bwietli na stronie. Je\u017celi na zdj\u0119ciu znajduje si\u0119 wi\u0119cej os\u00f3b, nale\u017cy w nawiasie wskaza\u0107 imi\u0119 i lokalizacj\u0119 osoby. Przyk\u0142ad: David Benichou (3-ci po lewej), Delphine Samla (1-sza z prawej) Niczemu nie s\u0142u\u017cy osobnej listy. Jedynie nazwa pliku ze zdj\u0119ciem zostanie automatycznie u\u017cyta na stronie. 3. Informacje S\u0105 takie istotne informacje, kt\u00f3re w szczeg\u00f3lno\u015bci pozwalaj\u0105 sklasyfikowa\u0107 biografie, co u\u0142atwi p\u00f3\u017aniej dalsze ich badanie. Nawet je\u017celi cz\u0119\u015b\u0107 z tych informacji jest ju\u017c zapisana w tre\u015bci biografii, [&hellip;]<\/p>\n","protected":false},"author":1,"featured_media":0,"parent":0,"menu_order":0,"comment_status":"closed","ping_status":"closed","template":"","meta":[],"uagb_featured_image_src":{"full":false,"thumbnail":false,"medium":false,"medium_large":false,"large":false,"1536x1536":false,"2048x2048":false,"post-thumbnail":false,"kleo-full-width":false,"mailpoet_newsletter_max":false},"uagb_author_info":{"display_name":"webmestre","author_link":"https:\/\/old.convoi77.org\/pl\/author\/webmestre\/"},"uagb_comment_info":0,"uagb_excerpt":"1. Tekst biografii: jedna biografia powinna dotyczy\u0107 jednej osoby, a nie grupy os\u00f3b lub te\u017c cz\u0142onk\u00f3w rodziny. Prosimy o przes\u0142anie nam biografii w pojedynczym pliku, w formacie WORD, zatytu\u0142owanym n.p. Michel Benichou- Biografia. Wa\u017cne: prosimy o nieprzesy\u0142anie biografii w formacie PDF. Plik powinien zawiera\u0107 jedynie tekst, bez zdj\u0119\u0107. Ilustracje oraz zdj\u0119cia powinny by\u0107 przes\u0142ane w&hellip;","_links":{"self":[{"href":"https:\/\/old.convoi77.org\/pl\/wp-json\/wp\/v2\/pages\/8946"}],"collection":[{"href":"https:\/\/old.convoi77.org\/pl\/wp-json\/wp\/v2\/pages"}],"about":[{"href":"https:\/\/old.convoi77.org\/pl\/wp-json\/wp\/v2\/types\/page"}],"author":[{"embeddable":true,"href":"https:\/\/old.convoi77.org\/pl\/wp-json\/wp\/v2\/users\/1"}],"replies":[{"embeddable":true,"href":"https:\/\/old.convoi77.org\/pl\/wp-json\/wp\/v2\/comments?post=8946"}],"version-history":[{"count":18,"href":"https:\/\/old.convoi77.org\/pl\/wp-json\/wp\/v2\/pages\/8946\/revisions"}],"predecessor-version":[{"id":19967,"href":"https:\/\/old.convoi77.org\/pl\/wp-json\/wp\/v2\/pages\/8946\/revisions\/19967"}],"wp:attachment":[{"href":"https:\/\/old.convoi77.org\/pl\/wp-json\/wp\/v2\/media?parent=8946"}],"curies":[{"name":"wp","href":"https:\/\/api.w.org\/{rel}","templated":true}]}}