{"id":8587,"date":"2016-01-10T20:46:12","date_gmt":"2016-01-10T20:46:12","guid":{"rendered":"http:\/\/www.convoi77.org\/?page_id=8587"},"modified":"2016-04-03T08:13:14","modified_gmt":"2016-04-03T08:13:14","slug":"donation","status":"publish","type":"page","link":"https:\/\/old.convoi77.org\/pl\/donation\/","title":{"rendered":"Darowizna"},"content":{"rendered":"<p>[vc_row text_align=&#8221;center&#8221; section_type=&#8221;alternate&#8221; type=&#8221;image&#8221; enable_parallax=&#8221;false&#8221; parallax_speed=&#8221;0.5&#8243; padding_bottom=&#8221;10&#8243; bg_image=&#8221;8705&#8243;][vc_column][vc_empty_space height=&#8221;150px&#8221;][vc_column_text animation=&#8221;animate-when-almost-visible&#8221; css_animation=&#8221;left-to-right&#8221;]<\/p>\n<p class=\"bigtitle\">Wp\u0142a\u0107 darowizn\u0119<br \/>\n\u017ceby wesprze\u0107 nasz\u0105 dzia\u0142alno\u015b\u0107<br \/>\n<strong>CONVOI 77<\/strong><\/p>\n<p>[\/vc_column_text][\/vc_column][\/vc_row][vc_row type=&#8221;color&#8221;][vc_column width=&#8221;1\/6&#8243;][\/vc_column][vc_column width=&#8221;2\/3&#8243;][vc_column_text]\t<div id=\"give-form-9083-wrap\" class=\"give-form-wrap give-display-reveal\">\n\t\t<h2 class=\"give-form-title\">My donation<\/h2>\t\t\t<form id=\"give-form-9083-3\" class=\"give-form give-form-9083 give-form-type-multi\" action=\"https:\/\/old.convoi77.org\/pl\/wp-json\/wp\/v2\/pages\/8587\/?payment-mode=paypal\" data-id=\"9083-3\" data-currency_symbol=\"&euro;\" data-currency_code=\"EUR\" data-currency_position=\"after\" data-thousands_separator=\",\" data-decimal_separator=\".\" data-number_decimals=\"0\" method=\"post\">\n\t\t\t\t<!-- The following field is for robots only, invisible to humans: -->\n\t\t\t\t<span class=\"give-hidden\" style=\"display: none !important;\">\n\t\t\t\t\t<label for=\"give-form-honeypot-9083\"><\/label>\n\t\t\t\t\t<input id=\"give-form-honeypot-9083\" type=\"text\" name=\"give-honeypot\"\n\t\t\t\t\t\t   class=\"give-honeypot give-hidden\"\/>\n\t\t\t\t<\/span>\n\n\t\t\t\t\t<input type=\"hidden\" name=\"give-form-id-prefix\" value=\"9083-3\"\/>\n\t<input type=\"hidden\" name=\"give-form-id\" value=\"9083\"\/>\n\t<input type=\"hidden\" name=\"give-form-title\" value=\"My donation\"\/>\n\t<input type=\"hidden\" name=\"give-current-url\" value=\"https:\/\/old.convoi77.org\/pl\/wp-json\/wp\/v2\/pages\/8587\/\"\/>\n\t<input type=\"hidden\" name=\"give-form-url\" value=\"https:\/\/old.convoi77.org\/pl\/wp-json\/wp\/v2\/pages\/8587\/\"\/>\n\t\t\t<input type=\"hidden\" name=\"give-form-minimum\"\n\t\t\t   value=\"5\"\/>\n\t\t<input type=\"hidden\" name=\"give-form-maximum\"\n\t\t\t   value=\"1000000\"\/>\n\t\t<input type=\"hidden\"  name=\"give-form-hash\" value=\"d081615fad\" data-time=\"1776702399\" data-nonce-life=\"86400\" data-donor-session=\"0\"\/><input type=\"hidden\" name=\"give-price-id\" value=\"1\"\/>\t\t<div class=\"give-total-wrap\">\n\t\t\t<div class=\"give-donation-amount form-row-wide\">\n\t\t\t\t\t\t\t\t<label class=\"give-hidden\" for=\"give-amount\">Montant du don\u00a0:<\/label>\n\t\t\t\t<input class=\"give-text-input give-amount-top\" id=\"give-amount\" name=\"give-amount\" type=\"tel\"\n\t\t\t\t\t   placeholder=\"\" value=\"10\" autocomplete=\"off\">\n\t\t\t\t<span class=\"give-currency-symbol give-currency-position-after\">&euro;<\/span>\t\t\t<\/div>\n\t\t<\/div>\n\t\t<ul id=\"give-donation-level-button-wrap\" class=\"give-donation-levels-wrap give-list-inline\"><li><button type=\"button\" data-price-id=\"1\" class=\"give-donation-level-btn give-btn give-btn-level-1 give-default-level\" value=\"10\" data-default=\"1\">10 \u20ac<\/button><\/li><li><button type=\"button\" data-price-id=\"2\" class=\"give-donation-level-btn give-btn give-btn-level-2 \" value=\"30\" data-default=\"0\">30 \u20ac<\/button><\/li><li><button type=\"button\" data-price-id=\"3\" class=\"give-donation-level-btn give-btn give-btn-level-3 \" value=\"50\" data-default=\"0\">50 \u20ac<\/button><\/li><li><button type=\"button\" data-price-id=\"4\" class=\"give-donation-level-btn give-btn give-btn-level-4 \" value=\"100\" data-default=\"0\">100 \u20ac<\/button><\/li><li><button type=\"button\" data-price-id=\"5\" class=\"give-donation-level-btn give-btn give-btn-level-5 \" value=\"500\" data-default=\"0\">500 \u20ac<\/button><\/li><li><button type=\"button\" data-price-id=\"6\" class=\"give-donation-level-btn give-btn give-btn-level-6 \" value=\"1,000\" data-default=\"0\">1000 \u20ac<\/button><\/li><li><button type=\"button\" data-price-id=\"custom\" class=\"give-donation-level-btn give-btn give-btn-level-custom\" value=\"custom\">Other amount<\/button><\/li><\/ul><button type=\"button\" class=\"give-btn give-btn-reveal\">Choose your method of payment (PayPal, check, bank transfer)<\/button>\n\t<fieldset id=\"give-payment-mode-select\"\n\t\tstyle=\"display: none;\"\t>\n\t\t\t\t<legend\n\t\t\tclass=\"give-payment-mode-label\">S\u00e9lectionnez un moyen de paiement\t\t\t<span class=\"give-loading-text\"><span\n\t\t\t\t\tclass=\"give-loading-animation\"><\/span>\n\t\t\t<\/span>\n\t\t<\/legend>\n\n\t\t<div id=\"give-payment-mode-wrap\">\n\t\t\t\t\t\t<ul id=\"give-gateway-radio-list\">\n\t\t\t\t\t\t\t\t\t\t<li class=\"give-gateway-option-selected\">\n\t\t\t\t\t\t\t<input type=\"radio\" name=\"payment-mode\" class=\"give-gateway\"\n\t\t\t\t\t\t\t\t   id=\"give-gateway-paypal-9083-3\"\n\t\t\t\t\t\t\t\t   value=\"paypal\" checked='checked'>\n\n\t\t\t\t\t\t\t\t\t\t\t\t\t\t<label for=\"give-gateway-paypal-9083-3\"\n\t\t\t\t\t\t\t\t   class=\"give-gateway-option\"\n\t\t\t\t\t\t\t\t   id=\"give-gateway-option-paypal\"> PayPal<\/label>\n\t\t\t\t\t\t<\/li>\n\t\t\t\t\t\t\t\t\t<\/ul>\n\t\t\t\t\t<\/div>\n\t\t\t<\/fieldset>\n\n\t\n\t<div id=\"give_purchase_form_wrap\">\n\n\t\t\t<fieldset id=\"give_checkout_user_info\" class=\"\">\n\t\t<legend>\n\t\t\tInformations personnelles\t\t<\/legend>\n\n\t\t\n\t\t<p id=\"give-first-name-wrap\" class=\"form-row form-row-first form-row-responsive\">\n\t\t\t<label class=\"give-label\" for=\"give-first\">\n\t\t\t\tPr\u00e9nom\t\t\t\t\t\t\t\t\t<span class=\"give-required-indicator\">*<\/span>\n\t\t\t\t\t\t\t\t<span class=\"give-tooltip hint--top hint--medium hint--bounce\" aria-label=\"Le pr\u00e9nom est utilis\u00e9 pour personnaliser votre don.\" rel=\"tooltip\"><i class=\"give-icon give-icon-question\"><\/i><\/span>\t\t\t<\/label>\n\t\t\t<input\n\t\t\t\tclass=\"give-input required\"\n\t\t\t\ttype=\"text\"\n\t\t\t\tname=\"give_first\"\n\t\t\t\tautocomplete=\"given-name\"\n\t\t\t\tplaceholder=\"Pr\u00e9nom\"\n\t\t\t\tid=\"give-first\"\n\t\t\t\tvalue=\"\"\n\t\t\t\t required aria-required=\"true\" \t\t\t\/>\n\t\t<\/p>\n\n\t\t<p id=\"give-last-name-wrap\" class=\"form-row form-row-last form-row-responsive\">\n\t\t\t<label class=\"give-label\" for=\"give-last\">\n\t\t\t\tNom\t\t\t\t\t\t\t\t<span class=\"give-tooltip hint--top hint--medium hint--bounce\" aria-label=\"Le nom est utilis\u00e9 pour personnaliser votre don.\" rel=\"tooltip\"><i class=\"give-icon give-icon-question\"><\/i><\/span>\t\t\t<\/label>\n\n\t\t\t<input\n\t\t\t\tclass=\"give-input\"\n\t\t\t\ttype=\"text\"\n\t\t\t\tname=\"give_last\"\n\t\t\t\tautocomplete=\"family-name\"\n\t\t\t\tid=\"give-last\"\n\t\t\t\tplaceholder=\"Nom\"\n\t\t\t\tvalue=\"\"\n\t\t\t\t\t\t\t\/>\n\t\t<\/p>\n\n\t\t\n\t\t\t\t<p id=\"give-email-wrap\" class=\"form-row form-row-wide\">\n\t\t\t<label class=\"give-label\" for=\"give-email\">\n\t\t\t\tAdresse e-mail\t\t\t\t\t\t\t\t\t<span class=\"give-required-indicator\">*<\/span>\n\t\t\t\t\t\t\t\t<span class=\"give-tooltip hint--top hint--medium hint--bounce\" aria-label=\"Le re\u00e7u de don sera envoy\u00e9 \u00e0 cette adresse.\" rel=\"tooltip\"><i class=\"give-icon give-icon-question\"><\/i><\/span>\t\t\t<\/label>\n\t\t\t<input\n\t\t\t\tclass=\"give-input required\"\n\t\t\t\ttype=\"email\"\n\t\t\t\tname=\"give_email\"\n\t\t\t\tautocomplete=\"email\"\n\t\t\t\tplaceholder=\"Adresse e-mail\"\n\t\t\t\tid=\"give-email\"\n\t\t\t\tvalue=\"\"\n\t\t\t\t required aria-required=\"true\" \t\t\t\/>\n\n\t\t<\/p>\n\n\t\t\n\t\t\t\t\t<\/fieldset>\n\t\t<fieldset id=\"give_purchase_submit\" class=\"give-donation-submit\">\n\t\t\t<p id=\"give-final-total-wrap\" class=\"form-wrap \">\n\t\t\t\t<span class=\"give-donation-total-label\">\n\t\t\tTotal du don\u00a0:\t\t<\/span>\n\t\t<span class=\"give-final-total-amount\"\n\t\t\t  data-total=\"10\">\n\t\t\t10&euro;\t\t<\/span>\n\t\t\t<\/p>\n\t\t<input type=\"hidden\" name=\"give_action\" value=\"purchase\"\/>\n\t<input type=\"hidden\" name=\"give-gateway\" value=\"paypal\"\/>\n\t\t<div class=\"give-submit-button-wrap give-clearfix\">\n\t\t<input type=\"submit\" class=\"give-submit give-btn\" id=\"give-purchase-button\" name=\"give-purchase\"\n\t\t\t   value=\"Validate donation\" data-before-validation-label=\"Validate donation\"\/>\n\t\t<span class=\"give-loading-animation\"><\/span>\n\t<\/div>\n\t\t<\/fieldset>\n\t\n\t<\/div>\n\n\t\t\t\t<\/form>\n\n\t\t\t<div id=\"give-form-content-9083\" class=\"give-form-content-wrap give_post_form-content\"><h3 style=\"text-align: center\">After tax deductions a donation of 100 \u20ac really equals to 34\u20ac<\/h3>\n<p style=\"text-align: center\">66% of donations to Convoi 77 are tax deductible, up to 20% of your taxable income.<\/p>\n<p style=\"text-align: center\"><em>A CERFA receipt will be sent back to you<\/em><\/p>\n<\/div>\n\t<\/div><!--end #give-form-9083-->\n\t[\/vc_column_text][\/vc_column][vc_column width=&#8221;1\/6&#8243;][\/vc_column][\/vc_row]<\/p>","protected":false},"excerpt":{"rendered":"<p>[vc_row text_align=&#8221;center&#8221; section_type=&#8221;alternate&#8221; type=&#8221;image&#8221; enable_parallax=&#8221;false&#8221; parallax_speed=&#8221;0.5&#8243; padding_bottom=&#8221;10&#8243; bg_image=&#8221;8705&#8243;][vc_column][vc_empty_space height=&#8221;150px&#8221;][vc_column_text animation=&#8221;animate-when-almost-visible&#8221; css_animation=&#8221;left-to-right&#8221;] Wp\u0142a\u0107 darowizn\u0119 \u017ceby wesprze\u0107 nasz\u0105 dzia\u0142alno\u015b\u0107 CONVOI 77 [\/vc_column_text][\/vc_column][\/vc_row][vc_row type=&#8221;color&#8221;][vc_column width=&#8221;1\/6&#8243;][\/vc_column][vc_column width=&#8221;2\/3&#8243;][vc_column_text][\/vc_column_text][\/vc_column][vc_column width=&#8221;1\/6&#8243;][\/vc_column][\/vc_row]<\/p>\n","protected":false},"author":1,"featured_media":0,"parent":0,"menu_order":0,"comment_status":"closed","ping_status":"closed","template":"page-templates\/full-width.php","meta":[],"uagb_featured_image_src":{"full":false,"thumbnail":false,"medium":false,"medium_large":false,"large":false,"1536x1536":false,"2048x2048":false,"post-thumbnail":false,"kleo-full-width":false,"mailpoet_newsletter_max":false},"uagb_author_info":{"display_name":"webmestre","author_link":"https:\/\/old.convoi77.org\/pl\/author\/webmestre\/"},"uagb_comment_info":0,"uagb_excerpt":"[vc_row text_align=&#8221;center&#8221; section_type=&#8221;alternate&#8221; type=&#8221;image&#8221; enable_parallax=&#8221;false&#8221; parallax_speed=&#8221;0.5&#8243; padding_bottom=&#8221;10&#8243; bg_image=&#8221;8705&#8243;][vc_column][vc_empty_space height=&#8221;150px&#8221;][vc_column_text animation=&#8221;animate-when-almost-visible&#8221; css_animation=&#8221;left-to-right&#8221;] Wp\u0142a\u0107 darowizn\u0119 \u017ceby wesprze\u0107 nasz\u0105 dzia\u0142alno\u015b\u0107 CONVOI 77 [\/vc_column_text][\/vc_column][\/vc_row][vc_row type=&#8221;color&#8221;][vc_column width=&#8221;1\/6&#8243;][\/vc_column][vc_column width=&#8221;2\/3&#8243;][vc_column_text][\/vc_column_text][\/vc_column][vc_column width=&#8221;1\/6&#8243;][\/vc_column][\/vc_row]","_links":{"self":[{"href":"https:\/\/old.convoi77.org\/pl\/wp-json\/wp\/v2\/pages\/8587"}],"collection":[{"href":"https:\/\/old.convoi77.org\/pl\/wp-json\/wp\/v2\/pages"}],"about":[{"href":"https:\/\/old.convoi77.org\/pl\/wp-json\/wp\/v2\/types\/page"}],"author":[{"embeddable":true,"href":"https:\/\/old.convoi77.org\/pl\/wp-json\/wp\/v2\/users\/1"}],"replies":[{"embeddable":true,"href":"https:\/\/old.convoi77.org\/pl\/wp-json\/wp\/v2\/comments?post=8587"}],"version-history":[{"count":21,"href":"https:\/\/old.convoi77.org\/pl\/wp-json\/wp\/v2\/pages\/8587\/revisions"}],"predecessor-version":[{"id":9157,"href":"https:\/\/old.convoi77.org\/pl\/wp-json\/wp\/v2\/pages\/8587\/revisions\/9157"}],"wp:attachment":[{"href":"https:\/\/old.convoi77.org\/pl\/wp-json\/wp\/v2\/media?parent=8587"}],"curies":[{"name":"wp","href":"https:\/\/api.w.org\/{rel}","templated":true}]}}