{"id":20282,"date":"2020-12-21T16:52:32","date_gmt":"2020-12-21T16:52:32","guid":{"rendered":"https:\/\/convoi77.org\/?page_id=20282"},"modified":"2021-11-30T21:00:57","modified_gmt":"2021-11-30T21:00:57","slug":"geolocalisation-des-deportes","status":"publish","type":"page","link":"https:\/\/old.convoi77.org\/pl\/geolocalisation-des-deportes\/","title":{"rendered":"Geolocation of the deportees"},"content":{"rendered":"<p class=\"qtranxs-available-languages-message qtranxs-available-languages-message-pl\">\u0179r\u00f3d\u0142o w <a href=\"https:\/\/old.convoi77.org\/fr\/wp-json\/wp\/v2\/pages\/20282\" class=\"qtranxs-available-language-link qtranxs-available-language-link-fr\" title=\"Fran\u00e7ais\">Francuski<\/a> i <a href=\"https:\/\/old.convoi77.org\/en\/wp-json\/wp\/v2\/pages\/20282\" class=\"qtranxs-available-language-link qtranxs-available-language-link-en\" title=\"English\">Ameryka\u0144ski Angielski<\/a>. For the sake of viewer convenience, the content is shown below in this site default language. You may click one of the links to switch the site language to another available language.<\/p><p><a class=\"full-screen-link btn btn-info pull-right\" style=\"color: #fff;\" href=\"\/geolocalisation.html\" target=\"_blank\" rel=\"noopener noreferrer\">Plein \u00e9cran<\/a><br \/><iframe src=\" https:\/\/convoi77.maps.arcgis.com\/apps\/dashboards\/5d631487a12348ca9e143ff777781f53\" width=\"100%\" height=\"660\"><\/iframe><\/p>\n<p><\/p>","protected":false},"excerpt":{"rendered":"<p>\u0179r\u00f3d\u0142o w Francuski i Ameryka\u0144ski Angielski. For the sake of viewer convenience, the content is shown below in this site default language. You may click one of the links to switch the site language to another available language.Plein \u00e9cran<\/p>\n","protected":false},"author":9,"featured_media":0,"parent":0,"menu_order":0,"comment_status":"closed","ping_status":"closed","template":"page-templates\/full-width.php","meta":[],"uagb_featured_image_src":{"full":false,"thumbnail":false,"medium":false,"medium_large":false,"large":false,"1536x1536":false,"2048x2048":false,"post-thumbnail":false,"kleo-full-width":false,"mailpoet_newsletter_max":false},"uagb_author_info":{"display_name":"Yann GIBERT","author_link":"https:\/\/old.convoi77.org\/pl\/author\/yann-gi\/"},"uagb_comment_info":0,"uagb_excerpt":"\u0179r\u00f3d\u0142o w Francuski i Ameryka\u0144ski Angielski. For the sake of viewer convenience, the content is shown below in this site default language. You may click one of the links to switch the site language to another available language.Plein \u00e9cran","_links":{"self":[{"href":"https:\/\/old.convoi77.org\/pl\/wp-json\/wp\/v2\/pages\/20282"}],"collection":[{"href":"https:\/\/old.convoi77.org\/pl\/wp-json\/wp\/v2\/pages"}],"about":[{"href":"https:\/\/old.convoi77.org\/pl\/wp-json\/wp\/v2\/types\/page"}],"author":[{"embeddable":true,"href":"https:\/\/old.convoi77.org\/pl\/wp-json\/wp\/v2\/users\/9"}],"replies":[{"embeddable":true,"href":"https:\/\/old.convoi77.org\/pl\/wp-json\/wp\/v2\/comments?post=20282"}],"version-history":[{"count":15,"href":"https:\/\/old.convoi77.org\/pl\/wp-json\/wp\/v2\/pages\/20282\/revisions"}],"predecessor-version":[{"id":22929,"href":"https:\/\/old.convoi77.org\/pl\/wp-json\/wp\/v2\/pages\/20282\/revisions\/22929"}],"wp:attachment":[{"href":"https:\/\/old.convoi77.org\/pl\/wp-json\/wp\/v2\/media?parent=20282"}],"curies":[{"name":"wp","href":"https:\/\/api.w.org\/{rel}","templated":true}]}}