{"id":39,"date":"2015-11-28T19:15:04","date_gmt":"2015-11-28T19:15:04","guid":{"rendered":"http:\/\/5.10.105.36\/~mycroiss\/projectconvoi77\/?page_id=39"},"modified":"2021-12-12T20:26:08","modified_gmt":"2021-12-12T20:26:08","slug":"projet-europeen","status":"publish","type":"page","link":"https:\/\/old.convoi77.org\/en\/projet-europeen\/","title":{"rendered":"European project"},"content":{"rendered":"<p>[vc_row][vc_column][vc_column_text][\/vc_column_text][\/vc_column][\/vc_row][vc_row type=&#8221;color&#8221; bg_color=&#8221;#ffffff&#8221; padding_top=&#8221;10&#8243; padding_bottom=&#8221;10&#8243;][vc_column css=&#8221;.vc_custom_1569173450741{margin-top: 0px !important;margin-right: 0px !important;margin-bottom: 0px !important;margin-left: 0px !important;border-top-width: 0px !important;border-right-width: 0px !important;border-bottom-width: 0px !important;border-left-width: 0px !important;padding-top: 0px !important;padding-right: 0px !important;padding-bottom: 0px !important;padding-left: 0px !important;background-color: #ffffff !important;background-position: center !important;background-repeat: no-repeat !important;background-size: cover !important;border-left-color: #ffffff !important;border-left-style: none !important;border-right-color: #ffffff !important;border-right-style: none !important;border-top-color: #ffffff !important;border-top-style: none !important;border-bottom-color: #ffffff !important;border-bottom-style: none !important;}&#8221;][vc_video link=&#8221;https:\/\/youtu.be\/7aLp2fO1HrQ&#8221; el_width=&#8221;50&#8243; align=&#8221;center&#8221; css=&#8221;.vc_custom_1572447400772{margin-top: 0px !important;margin-right: 0px !important;margin-bottom: 0px !important;margin-left: 0px !important;border-top-width: 0px !important;border-right-width: 0px !important;border-bottom-width: 0px !important;border-left-width: 0px !important;padding-top: 0px !important;padding-right: 0px !important;padding-bottom: 0px !important;padding-left: 0px !important;background-color: #ffffff !important;background-position: center !important;background-repeat: no-repeat !important;background-size: cover !important;border-left-color: #ffffff !important;border-left-style: none !important;border-right-color: #ffffff !important;border-right-style: none !important;border-top-color: #ffffff !important;border-top-style: none !important;border-bottom-color: #ffffff !important;border-bottom-style: none !important;}&#8221;][\/vc_column][\/vc_row][vc_row][vc_column width=&#8221;1\/3&#8243;][vc_column_text animation=&#8221;animate-when-almost-visible&#8221;]<\/p>\n<p id=\"tw-target-text\" class=\"tw-data-text tw-text-large tw-ta\" dir=\"ltr\" data-placeholder=\"Traduction\"><span lang=\"en\" tabindex=\"0\">We have for each deported basic information that could allow us to find their traces: Name, first name, maiden name for married women, date and place of birth.<\/span><\/p>\n<p>[\/vc_column_text][\/vc_column][vc_column width=&#8221;1\/3&#8243;][vc_column_text animation=&#8221;animate-when-almost-visible&#8221;]<\/p>\n<p id=\"tw-target-text\" class=\"tw-data-text tw-text-large tw-ta\" dir=\"ltr\" data-placeholder=\"Traduction\"><span lang=\"en\" tabindex=\"0\">Thanks to the work of several years of research, we have managed to collect more than 50,000 documents relating to the deportees of convoy 77.<\/span><\/p>\n<p>[\/vc_column_text][\/vc_column][vc_column width=&#8221;1\/3&#8243;][vc_column_text animation=&#8221;animate-when-almost-visible&#8221;]<\/p>\n<p id=\"tw-target-text\" class=\"tw-data-text tw-text-large tw-ta\" dir=\"ltr\" data-placeholder=\"Traduction\"><span lang=\"en\" tabindex=\"0\">We \u200b\u200boffering secondary school students in each country concerned, to search in their town or village, the traces of these deportees who were born and lived where they live today, their grandparents may have met or even known.<\/span><\/p>\n<p>[\/vc_column_text][\/vc_column][\/vc_row][vc_row video_bg=&#8221;yes&#8221; video_bg_url=&#8221;https:\/\/www.youtube.com\/watch?v=zaPo86cfmDQ&#8221; video_bg_parallax=&#8221;content-moving&#8221; section_type=&#8221;alternate&#8221; padding_top=&#8221;80&#8243; padding_bottom=&#8221;80&#8243;][vc_column]<div class=\"wpb_wrapper\"><div class=\" kleo-testimonials\">\n\t\t\t\t<figure class=\"callout-blockquote light\">\n\t\t\t\t\t<blockquote>\n\t\t\t\t\t\t<p>The EU welcomes the commitment by the Association Convoy 77 to teach the history of the Holocaust and the Second World War. Thanks to the active participation of European countries in this project, younger generations will learn that preserving the memory of the Shoah is fundamental to safeguarding European values of tolerance and opennessThe EU welcomes the commitment by the Association Convoy 77 to teach the history of the Holocaust and the Second World War. Thanks to the active participation of European countries in this project, younger generations will learn that preserving the memory of the Shoah is fundamental to safeguarding European values of tolerance and openness<\/p>\n\t\t\t\t\t<\/blockquote>\n\t\t\t\t\t<figcaption> <span class=\"title-name\">Ambassador Emanuele GIAUFRET<\/span><br>\n\t\t\t\t\t\t<span>Chef de la d\u00e9l\u00e9gation de l'Union europ\u00e9enne en Isra\u00ebl<\/span><br>\n\t\t\t\t\t<\/figcaption>\n\t\t\t\t<\/figure>\n\n\t\t<\/div><!-- end kleo-testimonials --><\/div>[\/vc_column][\/vc_row][vc_row][vc_column][vc_cta h2=&#8221;Participate in a project with students from 32 different countries&#8221; txt_align=&#8221;center&#8221; shape=&#8221;square&#8221; color=&#8221;white&#8221; el_width=&#8221;lg&#8221; add_button=&#8221;bottom&#8221; btn_title=&#8221;Online subscription&#8221; btn_style=&#8221;outline&#8221; btn_shape=&#8221;square&#8221; btn_color=&#8221;white&#8221; btn_size=&#8221;lg&#8221; btn_align=&#8221;center&#8221; btn_i_type=&#8221;entypo&#8221; btn_i_icon_entypo=&#8221;entypo-icon entypo-icon-user-add&#8221; btn_css_animation=&#8221;bottom-to-top&#8221; add_icon=&#8221;top&#8221; i_type=&#8221;entypo&#8221; i_icon_entypo=&#8221;entypo-icon entypo-icon-globe&#8221; i_background_style=&#8221;rounded-outline&#8221; i_background_color=&#8221;white&#8221; i_size=&#8221;xl&#8221; i_css_animation=&#8221;left-to-right&#8221; css_animation=&#8221;appear&#8221; btn_button_block=&#8221;true&#8221; btn_add_icon=&#8221;true&#8221; i_on_border=&#8221;true&#8221; btn_link=&#8221;url:http%3A%2F%2Fwww.convoi77.org%2Fprojet-europeen%2Fparticiper-au-projet%2F||&#8221; css=&#8221;.vc_custom_1637656751658{background-color: rgba(0,0,0,0.27) !important;*background-color: rgb(0,0,0) !important;}&#8221;]<span style=\"color: #ffffff;\">By group or individually, these young people (supervised by their teachers) will carry out an investigation that will probably start at the town hall or the local archives headquarters, and will take them to the places where these people have grown, lived, studied and worked. They will collect testimonials, while developing their knowledge about their environment and their history. <\/span><\/p>\n<p><span style=\"color: #ffffff;\">The biographies written are posted on the site of convoy 77<\/span><\/p>\n<p><span style=\"color: #ffffff;\">Through this process, thousands of young Europeans will be able to better understand World War II and the Holocaust by actively investigating facts about their close environment, while having the satisfaction of participating in an international memory project. .<\/span>[\/vc_cta][\/vc_column][\/vc_row][vc_row][vc_column][vc_column_text][\/vc_column_text][\/vc_column][\/vc_row][vc_row][vc_column][vc_column_text][\/vc_column_text][\/vc_column][\/vc_row]<\/p>","protected":false},"excerpt":{"rendered":"<p>[vc_row][vc_column][vc_column_text][\/vc_column_text][\/vc_column][\/vc_row][vc_row type=&#8221;color&#8221; bg_color=&#8221;#ffffff&#8221; padding_top=&#8221;10&#8243; padding_bottom=&#8221;10&#8243;][vc_column css=&#8221;.vc_custom_1569173450741{margin-top: 0px !important;margin-right: 0px !important;margin-bottom: 0px !important;margin-left: 0px !important;border-top-width: 0px !important;border-right-width: 0px !important;border-bottom-width: 0px !important;border-left-width: 0px !important;padding-top: 0px !important;padding-right: 0px !important;padding-bottom: 0px !important;padding-left: 0px !important;background-color: #ffffff !important;background-position: center !important;background-repeat: no-repeat !important;background-size: cover !important;border-left-color: #ffffff !important;border-left-style: none !important;border-right-color: #ffffff !important;border-right-style: none !important;border-top-color: #ffffff !important;border-top-style: none !important;border-bottom-color: #ffffff !important;border-bottom-style: none !important;}&#8221;][vc_video link=&#8221;https:\/\/youtu.be\/7aLp2fO1HrQ&#8221; el_width=&#8221;50&#8243; align=&#8221;center&#8221; css=&#8221;.vc_custom_1572447400772{margin-top: 0px !important;margin-right: 0px !important;margin-bottom: 0px !important;margin-left: 0px !important;border-top-width: 0px !important;border-right-width: 0px !important;border-bottom-width: 0px !important;border-left-width: 0px !important;padding-top: 0px !important;padding-right: 0px !important;padding-bottom: 0px !important;padding-left: 0px !important;background-color: #ffffff !important;background-position: center !important;background-repeat: no-repeat !important;background-size: cover !important;border-left-color: #ffffff !important;border-left-style: none !important;border-right-color: #ffffff !important;border-right-style: none !important;border-top-color: #ffffff !important;border-top-style: none !important;border-bottom-color: #ffffff !important;border-bottom-style: none !important;}&#8221;][\/vc_column][\/vc_row][vc_row][vc_column width=&#8221;1\/3&#8243;][vc_column_text animation=&#8221;animate-when-almost-visible&#8221;] We have for each deported basic information that could allow us to find their traces: Name, first name, maiden name for married women, date and place of birth. [\/vc_column_text][\/vc_column][vc_column width=&#8221;1\/3&#8243;][vc_column_text animation=&#8221;animate-when-almost-visible&#8221;] Thanks to the work of several years of research, we have [&hellip;]<\/p>\n","protected":false},"author":3,"featured_media":0,"parent":0,"menu_order":0,"comment_status":"closed","ping_status":"closed","template":"page-templates\/full-width.php","meta":[],"uagb_featured_image_src":{"full":false,"thumbnail":false,"medium":false,"medium_large":false,"large":false,"1536x1536":false,"2048x2048":false,"post-thumbnail":false,"kleo-full-width":false,"mailpoet_newsletter_max":false},"uagb_author_info":{"display_name":"Georges Mayer","author_link":"https:\/\/old.convoi77.org\/en\/author\/georges\/"},"uagb_comment_info":0,"uagb_excerpt":"[vc_row][vc_column][vc_column_text][\/vc_column_text][\/vc_column][\/vc_row][vc_row type=&#8221;color&#8221; bg_color=&#8221;#ffffff&#8221; padding_top=&#8221;10&#8243; padding_bottom=&#8221;10&#8243;][vc_column css=&#8221;.vc_custom_1569173450741{margin-top: 0px !important;margin-right: 0px !important;margin-bottom: 0px !important;margin-left: 0px !important;border-top-width: 0px !important;border-right-width: 0px !important;border-bottom-width: 0px !important;border-left-width: 0px !important;padding-top: 0px !important;padding-right: 0px !important;padding-bottom: 0px !important;padding-left: 0px !important;background-color: #ffffff !important;background-position: center !important;background-repeat: no-repeat !important;background-size: cover !important;border-left-color: #ffffff !important;border-left-style: none !important;border-right-color: #ffffff !important;border-right-style: none !important;border-top-color: #ffffff !important;border-top-style: none !important;border-bottom-color: #ffffff !important;border-bottom-style: none !important;}&#8221;][vc_video link=&#8221;https:\/\/youtu.be\/7aLp2fO1HrQ&#8221;&hellip;","_links":{"self":[{"href":"https:\/\/old.convoi77.org\/en\/wp-json\/wp\/v2\/pages\/39"}],"collection":[{"href":"https:\/\/old.convoi77.org\/en\/wp-json\/wp\/v2\/pages"}],"about":[{"href":"https:\/\/old.convoi77.org\/en\/wp-json\/wp\/v2\/types\/page"}],"author":[{"embeddable":true,"href":"https:\/\/old.convoi77.org\/en\/wp-json\/wp\/v2\/users\/3"}],"replies":[{"embeddable":true,"href":"https:\/\/old.convoi77.org\/en\/wp-json\/wp\/v2\/comments?post=39"}],"version-history":[{"count":56,"href":"https:\/\/old.convoi77.org\/en\/wp-json\/wp\/v2\/pages\/39\/revisions"}],"predecessor-version":[{"id":23026,"href":"https:\/\/old.convoi77.org\/en\/wp-json\/wp\/v2\/pages\/39\/revisions\/23026"}],"wp:attachment":[{"href":"https:\/\/old.convoi77.org\/en\/wp-json\/wp\/v2\/media?parent=39"}],"curies":[{"name":"wp","href":"https:\/\/api.w.org\/{rel}","templated":true}]}}